{"id":768,"date":"2024-03-15T11:03:40","date_gmt":"2024-03-15T16:03:40","guid":{"rendered":"https:\/\/orthokineticapps.com\/?post_type=product&#038;p=768"},"modified":"2025-07-16T14:12:16","modified_gmt":"2025-07-16T19:12:16","slug":"cefalograma-lateral-de-tatis-cefalometria-holografica","status":"publish","type":"product","link":"https:\/\/orthokineticapps.com\/index.php\/es\/producto\/cefalograma-lateral-de-tatis-cefalometria-holografica\/","title":{"rendered":"Cefalograma Lateral de Tatis: Cefalometr\u00eda Hologr\u00e1fica"},"content":{"rendered":"<p>En este libro presentamos un nuevo m\u00e9todo de an\u00e1lisis gr\u00e1fico basado en las medidas propias de cada paciente, el cual que permite conclusiones diagn\u00f3sticas de forma m\u00e1s r\u00e1pida, m\u00e1s eficaz y a su vez, combinado con procesamientos inter-activos y algoritmos inteligentes que permiten los diferentes softwares y Apps, nos facilitar\u00e1n obtener autom\u00e1ticamente las caracter\u00edsticas individualizadas facilitando los procesos de razonamiento diagn\u00f3stico precizo, el cual es la herramienta fundamental para la toma de decisiones cl\u00ednicas acertadas en el diagn\u00f3stico anat\u00f3mico, funcional y de predictibilidad en el crecimiento y desarrollo cr\u00e1neo-facial.<\/p>\n<p>El m\u00e9todo consta de dos bloques: un Bloque de Medici\u00f3n y un Bloque de Predicci\u00f3n de Crecimiento de acuerdo al \u00e1rea de inter\u00e9s a diagnosticar, planear y ejecutar.<\/p>\n<p>Esta obra reune todos los conceptos diagn\u00f3sticos, anat\u00f3micos y de crecimiento y desarrollo del sistema cr\u00e1neo-cervico\u2013maxilo-mandibular contempor\u00e1neos . Y se puedellevar a un dialecto gr\u00e1fico y tecnol\u00f3gico que facilita exponencialmente el proceso.<\/p>\n","protected":false},"excerpt":{"rendered":"<p><strong>Autor:<\/strong> Diego Fernando Tatis Giraldo<br \/>\n<b>Idioma libro f\u00edsico:<\/b> Espa\u00f1ol<br \/>\n<b>Idioma Apple Ibooks:<\/b> Espa\u00f1ol<br \/>\n<strong>Editorial:<\/strong> Digital S.A. de C.V.<br \/>\n<strong>G\u00e9nero:<\/strong> Medicina<\/p>\n","protected":false},"featured_media":769,"comment_status":"open","ping_status":"closed","template":"","meta":{"_acf_changed":false,"_joinchat":[]},"product_brand":[],"product_cat":[18],"product_tag":[],"class_list":{"0":"post-768","1":"product","2":"type-product","3":"status-publish","4":"has-post-thumbnail","6":"product_cat-libros-es","8":"first","9":"instock","10":"shipping-taxable","11":"purchasable","12":"product-type-simple"},"acf":[],"lang":"es","translations":{"es":768,"en":1013},"pll_sync_post":[],"_links":{"self":[{"href":"https:\/\/orthokineticapps.com\/index.php\/wp-json\/wp\/v2\/product\/768","targetHints":{"allow":["GET"]}}],"collection":[{"href":"https:\/\/orthokineticapps.com\/index.php\/wp-json\/wp\/v2\/product"}],"about":[{"href":"https:\/\/orthokineticapps.com\/index.php\/wp-json\/wp\/v2\/types\/product"}],"replies":[{"embeddable":true,"href":"https:\/\/orthokineticapps.com\/index.php\/wp-json\/wp\/v2\/comments?post=768"}],"version-history":[{"count":6,"href":"https:\/\/orthokineticapps.com\/index.php\/wp-json\/wp\/v2\/product\/768\/revisions"}],"predecessor-version":[{"id":1176,"href":"https:\/\/orthokineticapps.com\/index.php\/wp-json\/wp\/v2\/product\/768\/revisions\/1176"}],"wp:featuredmedia":[{"embeddable":true,"href":"https:\/\/orthokineticapps.com\/index.php\/wp-json\/wp\/v2\/media\/769"}],"wp:attachment":[{"href":"https:\/\/orthokineticapps.com\/index.php\/wp-json\/wp\/v2\/media?parent=768"}],"wp:term":[{"taxonomy":"product_brand","embeddable":true,"href":"https:\/\/orthokineticapps.com\/index.php\/wp-json\/wp\/v2\/product_brand?post=768"},{"taxonomy":"product_cat","embeddable":true,"href":"https:\/\/orthokineticapps.com\/index.php\/wp-json\/wp\/v2\/product_cat?post=768"},{"taxonomy":"product_tag","embeddable":true,"href":"https:\/\/orthokineticapps.com\/index.php\/wp-json\/wp\/v2\/product_tag?post=768"}],"curies":[{"name":"wp","href":"https:\/\/api.w.org\/{rel}","templated":true}]}}