{"id":392,"date":"2023-06-17T16:42:55","date_gmt":"2023-06-17T21:42:55","guid":{"rendered":"https:\/\/orthokineticapps.com\/?post_type=product&#038;p=392"},"modified":"2025-07-10T10:21:53","modified_gmt":"2025-07-10T15:21:53","slug":"ceph-analysis","status":"publish","type":"product","link":"https:\/\/orthokineticapps.com\/index.php\/es\/producto\/ceph-analysis\/","title":{"rendered":"Ceph Analysis"},"content":{"rendered":"<p>Es una aplicaci\u00f3n dise\u00f1ada para el diagn\u00f3stico cefalom\u00e9trico lateral en pacientes de ortodoncia, ortopedia maxilar, cirug\u00eda ortogn\u00e1tica maxilofacial, odontopediatr\u00eda, re-habilitaci\u00f3n oral, des\u00f3rdenes temporo-mandibulares y \u00e1reas aplicadas de la odontolog\u00eda en general.<br \/>\nDise\u00f1ada para realizar el trazados, lectura diagn\u00f3stica y planificaci\u00f3n terap\u00e9utica de la radiograf\u00eda lateral de cr\u00e1neo de manera sencilla y amigable, por medio trazados autom\u00e1ticos con el Touch Control System. Por medio de la digitalizaci\u00f3n directa y ejecuci\u00f3n de los trazados sobre la pantalla del smart phone o en tabletas digitales con pantalla t\u00e1ctil se agiliza y optimiza el proceso.<\/p>\n","protected":false},"excerpt":{"rendered":"<ul>\n<li>Dise\u00f1ado para el an\u00e1lisis cefalom\u00e9trico lateral con mediciones angulares y lineales.<\/li>\n<li>Indicador digital de la posici\u00f3n condilar para monitoreo de la relaci\u00f3n de compatibilidad de cierre articular de la ATM.<\/li>\n<li>Planeaci\u00f3n terap\u00e9utica de A.T.M. y plano oclusal.<\/li>\n<li>Lectura de las posiciones dentales y predicci\u00f3n de movimiento dental.<\/li>\n<li>Lectura y programaci\u00f3n del torque anterior.<\/li>\n<li>Diagn\u00f3stico predictivo del crecimiento mandibular.<\/li>\n<li>Captura, trazo, almacenamiento y socializaci\u00f3n de im\u00e1genes radiogr\u00e1ficas.<\/li>\n<li>Calibraci\u00f3n y medici\u00f3n de la radiograf\u00eda lateral de cr\u00e1neo.<\/li>\n<li>Digitalizaci\u00f3n y auto-trazado directo de la cefalometr\u00eda.<\/li>\n<li>M\u00e9todos de diagn\u00f3stico cefalom\u00e9trico.<\/li>\n<\/ul>\n","protected":false},"featured_media":395,"comment_status":"open","ping_status":"closed","template":"","meta":{"_acf_changed":false,"_joinchat":[]},"product_brand":[],"product_cat":[16],"product_tag":[],"class_list":{"0":"post-392","1":"product","2":"type-product","3":"status-publish","4":"has-post-thumbnail","6":"product_cat-apps-es","8":"first","9":"instock","10":"shipping-taxable","11":"product-type-simple"},"acf":[],"lang":"es","translations":{"es":392,"en":1009},"pll_sync_post":[],"_links":{"self":[{"href":"https:\/\/orthokineticapps.com\/index.php\/wp-json\/wp\/v2\/product\/392","targetHints":{"allow":["GET"]}}],"collection":[{"href":"https:\/\/orthokineticapps.com\/index.php\/wp-json\/wp\/v2\/product"}],"about":[{"href":"https:\/\/orthokineticapps.com\/index.php\/wp-json\/wp\/v2\/types\/product"}],"replies":[{"embeddable":true,"href":"https:\/\/orthokineticapps.com\/index.php\/wp-json\/wp\/v2\/comments?post=392"}],"version-history":[{"count":1,"href":"https:\/\/orthokineticapps.com\/index.php\/wp-json\/wp\/v2\/product\/392\/revisions"}],"predecessor-version":[{"id":619,"href":"https:\/\/orthokineticapps.com\/index.php\/wp-json\/wp\/v2\/product\/392\/revisions\/619"}],"wp:featuredmedia":[{"embeddable":true,"href":"https:\/\/orthokineticapps.com\/index.php\/wp-json\/wp\/v2\/media\/395"}],"wp:attachment":[{"href":"https:\/\/orthokineticapps.com\/index.php\/wp-json\/wp\/v2\/media?parent=392"}],"wp:term":[{"taxonomy":"product_brand","embeddable":true,"href":"https:\/\/orthokineticapps.com\/index.php\/wp-json\/wp\/v2\/product_brand?post=392"},{"taxonomy":"product_cat","embeddable":true,"href":"https:\/\/orthokineticapps.com\/index.php\/wp-json\/wp\/v2\/product_cat?post=392"},{"taxonomy":"product_tag","embeddable":true,"href":"https:\/\/orthokineticapps.com\/index.php\/wp-json\/wp\/v2\/product_tag?post=392"}],"curies":[{"name":"wp","href":"https:\/\/api.w.org\/{rel}","templated":true}]}}