{"id":314,"date":"2023-06-17T14:04:46","date_gmt":"2023-06-17T19:04:46","guid":{"rendered":"https:\/\/orthokineticapps.com\/?post_type=product&#038;p=314"},"modified":"2025-07-10T10:30:41","modified_gmt":"2025-07-10T15:30:41","slug":"orthokinetor-tmj-analyzer","status":"publish","type":"product","link":"https:\/\/orthokineticapps.com\/index.php\/es\/producto\/orthokinetor-tmj-analyzer\/","title":{"rendered":"Orthokinetor TMJ Analyzer"},"content":{"rendered":"<p>El SOFT-WARE ORTHOKINETOR TMJ ANALYZER es un programa de computaci\u00f3n dise\u00f1ado para el diagn\u00f3stico y planificaci\u00f3n terap\u00e9utica de los des\u00f3rdenes de articulaci\u00f3n temporomandibular por medio del registro y sistematizaci\u00f3n de todos los datos de la historia cl\u00ednica del paciente disfuncionado. Incluye una aplicaci\u00f3n, con hard-ware para la Audio-espectometr\u00eda digital de la ATM.<\/p>\n<p>Con el Audio-espect\u00f3metro de la articulaci\u00f3n temporomandibular temporomandibularTM permite realizar un an\u00e1lisis digital de la auscultaci\u00f3n articular, para obtener la informaci\u00f3n ac\u00fastica de la funci\u00f3n articular y registrar los ruidos articulares derivados de los signos y\/o s\u00edntomas de des\u00f3rdenes temporo-mandibulares en alteraciones discales de forma y posici\u00f3n, as\u00ed como alteraciones de las superficies articulares y estructuras asociadas.<\/p>\n<p>A su vez registra y almacena dicha informaci\u00f3n en archivos de audio, as\u00ed como la graficaci\u00f3n de los sonidos por medio de ondas oscilatorias, permitiendo observar la magnitud e intensidad de la onda ac\u00fastica registrada, la calidad y cantidad del ruido articular, el sitio exacto en apertura y cierre mandibular donde se origin\u00f3 el ruido y el tipo de ruido articular para asociarlo al diagn\u00f3stico del desorden encontrado.<\/p>\n<p>As\u00ed mismo permite con el control diagn\u00f3stico adicional permite analizar los des\u00f3rdenes extra-capsulares. Adem\u00e1s de permitir el control secuencial y cronol\u00f3gico de la evoluci\u00f3n terap\u00e9utica, as\u00ed como despu\u00e9s de terminado el tratamiento.<\/p>\n<p>Incluye el Audio &#8211; espect\u00f3metro de la articulaci\u00f3n temporomandibularTM (TMJ Audio Spectrometer\u2122 y el Analizador de apertura Opening Analyzer\u2122).<\/p>\n","protected":false},"excerpt":{"rendered":"<p>Dise\u00f1ado para el dise\u00f1ado para el diagn\u00f3stico y planificaci\u00f3n terap\u00e9utica de los des\u00f3rdenes de articulaci\u00f3n temporomandibular:<\/p>\n<ul>\n<li>Historia cl\u00ednica completa disfunci\u00f3n A.T.M. y des\u00f3rdenes craneocervicales\n<ul>\n<li>Anamnesis<\/li>\n<li>Antecedentes<\/li>\n<li>Revisi\u00f3n por sistemas<\/li>\n<li>Evaluaci\u00f3n de h\u00e1bitos<\/li>\n<li>Evaluaci\u00f3n de DTM<\/li>\n<li>Rangos de movimiento<\/li>\n<li>Evaluaci\u00f3n funcional de las ATM<\/li>\n<li>Evaluaci\u00f3n funcional muscular<\/li>\n<li>Evaluaci\u00f3n de signos y s\u00edntomas de DTM y DCCM<\/li>\n<li>Evaluaci\u00f3n emocional asociada al DTM y DCCM<\/li>\n<li>Elaboraci\u00f3n del diagn\u00f3stico sistematizado<\/li>\n<li>Elaboraci\u00f3n del plan de tratamiento integral sistematizado<\/li>\n<\/ul>\n<\/li>\n<li>Evaluaci\u00f3n de des\u00f3rdenes intracapsulares\n<ul>\n<li>Evaluaci\u00f3n de ruidos articulares tipo chasquido<\/li>\n<li>Evaluaci\u00f3n de ruidos articulares tipo crepitaci\u00f3n<\/li>\n<li>Evaluaci\u00f3n del momento del ruido en apertura o cierre<\/li>\n<li>Evaluaci\u00f3n de alteraciones discales de forma y posici\u00f3n<\/li>\n<li>Evaluaci\u00f3n de alteraciones de las superficies articulares y estructuras asociadas<\/li>\n<\/ul>\n<\/li>\n<li>Evaluaci\u00f3n de des\u00f3rdenes extracapsulares\n<ul>\n<li>Musculares<\/li>\n<li>Ligamntosos<\/li>\n<li>Oseos<\/li>\n<li>Funcionales<\/li>\n<\/ul>\n<\/li>\n<li>An\u00e1lisis sonogr\u00e1fico digital de las ATM\n<ul>\n<li>Audioespectrometr\u00eda articular digital<\/li>\n<li>Evaluaci\u00f3n de ruidos articulares<\/li>\n<li>Registro y almacenamiento gr\u00e1fico de ondas sonogr\u00e1ficas<\/li>\n<li>Almacenamiento de audio-espectrometr\u00edas por fechas en audio<\/li>\n<li>Almacenamiento de audio-espectrometr\u00edas por fechas graficadas<\/li>\n<\/ul>\n<\/li>\n<li>Indicador de posici\u00f3n condilar Orthokin\u00e9tico (CPI)\n<ul>\n<li>CPI Orthokin\u00e9tico programable<\/li>\n<li>Compatible con informaci\u00f3n del CPI del an\u00e1lisis articular de Tatis<\/li>\n<\/ul>\n<\/li>\n<\/ul>\n","protected":false},"featured_media":315,"comment_status":"open","ping_status":"closed","template":"","meta":{"_acf_changed":false,"_joinchat":[]},"product_brand":[],"product_cat":[19],"product_tag":[],"class_list":{"0":"post-314","1":"product","2":"type-product","3":"status-publish","4":"has-post-thumbnail","6":"product_cat-softwares-es","8":"first","9":"instock","10":"shipping-taxable","11":"purchasable","12":"product-type-simple"},"acf":[],"lang":"es","translations":{"es":314,"en":994},"pll_sync_post":[],"_links":{"self":[{"href":"https:\/\/orthokineticapps.com\/index.php\/wp-json\/wp\/v2\/product\/314","targetHints":{"allow":["GET"]}}],"collection":[{"href":"https:\/\/orthokineticapps.com\/index.php\/wp-json\/wp\/v2\/product"}],"about":[{"href":"https:\/\/orthokineticapps.com\/index.php\/wp-json\/wp\/v2\/types\/product"}],"replies":[{"embeddable":true,"href":"https:\/\/orthokineticapps.com\/index.php\/wp-json\/wp\/v2\/comments?post=314"}],"version-history":[{"count":1,"href":"https:\/\/orthokineticapps.com\/index.php\/wp-json\/wp\/v2\/product\/314\/revisions"}],"predecessor-version":[{"id":637,"href":"https:\/\/orthokineticapps.com\/index.php\/wp-json\/wp\/v2\/product\/314\/revisions\/637"}],"wp:featuredmedia":[{"embeddable":true,"href":"https:\/\/orthokineticapps.com\/index.php\/wp-json\/wp\/v2\/media\/315"}],"wp:attachment":[{"href":"https:\/\/orthokineticapps.com\/index.php\/wp-json\/wp\/v2\/media?parent=314"}],"wp:term":[{"taxonomy":"product_brand","embeddable":true,"href":"https:\/\/orthokineticapps.com\/index.php\/wp-json\/wp\/v2\/product_brand?post=314"},{"taxonomy":"product_cat","embeddable":true,"href":"https:\/\/orthokineticapps.com\/index.php\/wp-json\/wp\/v2\/product_cat?post=314"},{"taxonomy":"product_tag","embeddable":true,"href":"https:\/\/orthokineticapps.com\/index.php\/wp-json\/wp\/v2\/product_tag?post=314"}],"curies":[{"name":"wp","href":"https:\/\/api.w.org\/{rel}","templated":true}]}}